{"id":46,"date":"2025-06-24T23:40:29","date_gmt":"2025-06-24T23:40:29","guid":{"rendered":"https:\/\/ideainversiones.pe\/?page_id=46"},"modified":"2025-06-25T21:10:11","modified_gmt":"2025-06-25T21:10:11","slug":"elementor-46","status":"publish","type":"page","link":"https:\/\/ideainversiones.pe\/index.php\/elementor-46\/","title":{"rendered":"La Morada"},"content":{"rendered":"\t\t<div data-elementor-type=\"wp-page\" data-elementor-id=\"46\" class=\"elementor elementor-46\">\n\t\t\t\t<div class=\"elementor-element elementor-element-96a7c9f e-flex e-con-boxed e-con e-parent\" data-id=\"96a7c9f\" data-element_type=\"container\" data-e-type=\"container\" data-settings=\"{&quot;background_background&quot;:&quot;classic&quot;}\">\n\t\t\t\t\t<div class=\"e-con-inner\">\n\t\t\t\t<div class=\"elementor-element elementor-element-6accf66 elementor-widget elementor-widget-heading\" data-id=\"6accf66\" data-element_type=\"widget\" data-e-type=\"widget\" data-widget_type=\"heading.default\">\n\t\t\t\t<div class=\"elementor-widget-container\">\n\t\t\t\t\t<h2 class=\"elementor-heading-title elementor-size-default\">\u00a1Descubre C\u00f3mo Duplicar Tu Inversi\u00f3n con una inicial desde\nS\/. 3,000 <\/h2>\t\t\t\t<\/div>\n\t\t\t\t<\/div>\n\t\t\t\t\t<\/div>\n\t\t\t\t<\/div>\n\t\t<div class=\"elementor-element elementor-element-74b8642 e-flex e-con-boxed e-con e-parent\" data-id=\"74b8642\" data-element_type=\"container\" data-e-type=\"container\" data-settings=\"{&quot;background_background&quot;:&quot;classic&quot;}\">\n\t\t\t\t\t<div class=\"e-con-inner\">\n\t\t\t\t<div class=\"elementor-element elementor-element-6a01f30 elementor-widget elementor-widget-heading\" data-id=\"6a01f30\" data-element_type=\"widget\" data-e-type=\"widget\" data-widget_type=\"heading.default\">\n\t\t\t\t<div class=\"elementor-widget-container\">\n\t\t\t\t\t<h2 class=\"elementor-heading-title elementor-size-default\">En Lotes de Habilitaci\u00f3n Urbana<br>\nUbicados en <b>PUCALLPA!!<\/b><br>\n\nReg\u00edstrate ahora y separa tu asiento para este magn\u00edfico lanzamiento <br>\u00a1No te lo puedes perder! <\/h2>\t\t\t\t<\/div>\n\t\t\t\t<\/div>\n\t\t\t\t\t<\/div>\n\t\t\t\t<\/div>\n\t\t<div class=\"elementor-element elementor-element-0b8bf4a e-flex e-con-boxed e-con e-parent\" data-id=\"0b8bf4a\" data-element_type=\"container\" data-e-type=\"container\" data-settings=\"{&quot;background_background&quot;:&quot;classic&quot;}\">\n\t\t\t\t\t<div class=\"e-con-inner\">\n\t\t\t\t<div class=\"elementor-element elementor-element-21f7eb0 elementor-widget__width-inherit elementor-widget elementor-widget-hubspot-form\" data-id=\"21f7eb0\" data-element_type=\"widget\" data-e-type=\"widget\" data-widget_type=\"hubspot-form.default\">\n\t\t\t\t<div class=\"elementor-widget-container\">\n\t\t\t\t\t\n\t\t\t<div\n\t\t\tclass=\"hs-form-frame\"\n\t\t\tdata-region=\"na1\"\n\t\t\tdata-form-id=\"3927c107-a44f-43ef-9506-e39eb68e50bf\"\n\t\t\tdata-portal-id=\"44826518\"\n\t\t\t >\n\t\t\t<\/div>\n\t\t\t\t\t\t\t<\/div>\n\t\t\t\t<\/div>\n\t\t\t\t\t<\/div>\n\t\t\t\t<\/div>\n\t\t<div class=\"elementor-element elementor-element-0263fe4 e-flex e-con-boxed e-con e-parent\" data-id=\"0263fe4\" data-element_type=\"container\" data-e-type=\"container\">\n\t\t\t\t\t<div class=\"e-con-inner\">\n\t\t\t\t<div class=\"elementor-element elementor-element-8c9dcec elementor-widget elementor-widget-image\" data-id=\"8c9dcec\" data-element_type=\"widget\" data-e-type=\"widget\" data-widget_type=\"image.default\">\n\t\t\t\t<div class=\"elementor-widget-container\">\n\t\t\t\t\t\t\t\t\t\t\t\t\t\t\t<img fetchpriority=\"high\" decoding=\"async\" width=\"800\" height=\"800\" src=\"https:\/\/ideainversiones.pe\/wp-content\/uploads\/2025\/06\/gran-lanzamiento-1024x1024.png\" class=\"attachment-large size-large wp-image-65\" alt=\"\" srcset=\"https:\/\/ideainversiones.pe\/wp-content\/uploads\/2025\/06\/gran-lanzamiento-1024x1024.png 1024w, https:\/\/ideainversiones.pe\/wp-content\/uploads\/2025\/06\/gran-lanzamiento-300x300.png 300w, https:\/\/ideainversiones.pe\/wp-content\/uploads\/2025\/06\/gran-lanzamiento-150x150.png 150w, https:\/\/ideainversiones.pe\/wp-content\/uploads\/2025\/06\/gran-lanzamiento-768x768.png 768w, https:\/\/ideainversiones.pe\/wp-content\/uploads\/2025\/06\/gran-lanzamiento-1536x1536.png 1536w, https:\/\/ideainversiones.pe\/wp-content\/uploads\/2025\/06\/gran-lanzamiento-2048x2048.png 2048w\" sizes=\"(max-width: 800px) 100vw, 800px\" \/>\t\t\t\t\t\t\t\t\t\t\t\t\t\t\t<\/div>\n\t\t\t\t<\/div>\n\t\t\t\t\t<\/div>\n\t\t\t\t<\/div>\n\t\t\t\t<\/div>\n\t\t","protected":false},"excerpt":{"rendered":"<p>\u00a1Descubre C\u00f3mo Duplicar Tu Inversi\u00f3n con una inicial desde S\/. 3,000 En Lotes de Habilitaci\u00f3n Urbana Ubicados en PUCALLPA!! Reg\u00edstrate ahora y separa tu asiento para este magn\u00edfico lanzamiento \u00a1No te lo puedes perder!<\/p>\n","protected":false},"author":1,"featured_media":0,"parent":0,"menu_order":0,"comment_status":"closed","ping_status":"closed","template":"","meta":{"content-type":"","footnotes":""},"class_list":["post-46","page","type-page","status-publish","hentry"],"_links":{"self":[{"href":"https:\/\/ideainversiones.pe\/index.php\/wp-json\/wp\/v2\/pages\/46","targetHints":{"allow":["GET"]}}],"collection":[{"href":"https:\/\/ideainversiones.pe\/index.php\/wp-json\/wp\/v2\/pages"}],"about":[{"href":"https:\/\/ideainversiones.pe\/index.php\/wp-json\/wp\/v2\/types\/page"}],"author":[{"embeddable":true,"href":"https:\/\/ideainversiones.pe\/index.php\/wp-json\/wp\/v2\/users\/1"}],"replies":[{"embeddable":true,"href":"https:\/\/ideainversiones.pe\/index.php\/wp-json\/wp\/v2\/comments?post=46"}],"version-history":[{"count":19,"href":"https:\/\/ideainversiones.pe\/index.php\/wp-json\/wp\/v2\/pages\/46\/revisions"}],"predecessor-version":[{"id":71,"href":"https:\/\/ideainversiones.pe\/index.php\/wp-json\/wp\/v2\/pages\/46\/revisions\/71"}],"wp:attachment":[{"href":"https:\/\/ideainversiones.pe\/index.php\/wp-json\/wp\/v2\/media?parent=46"}],"curies":[{"name":"wp","href":"https:\/\/api.w.org\/{rel}","templated":true}]}}